{"id":30809,"date":"2025-06-12T13:42:36","date_gmt":"2025-06-12T11:42:36","guid":{"rendered":"https:\/\/getindya.com\/athletes\/"},"modified":"2025-09-19T10:14:08","modified_gmt":"2025-09-19T08:14:08","slug":"athletes","status":"publish","type":"page","link":"https:\/\/getindya.com\/en\/athletes\/","title":{"rendered":"Athletes"},"content":{"rendered":"<div class=\"wpb-content-wrapper\"><p>[vc_section full_width=&#8221;stretch_row_content&#8221; full_height=&#8221;yes&#8221; content_placement=&#8221;middle&#8221; el_class=&#8221;hero-section&#8221; css=&#8221;.vc_custom_1718183591687{background-color: #191e2a !important;background-position: center !important;background-repeat: no-repeat !important;background-size: contain !important;}&#8221;][vc_row el_class=&#8221;rld-container&#8221;][vc_column][vc_column_text css=&#8221;&#8221; el_class=&#8221;hero-title&#8221;]<\/p>\n<h1 style=\"text-align: center; max-width: 800px; margin-left: auto; margin-right: auto;\">The peace of mind of a sports nutritionist<\/h1>\n<p>[\/vc_column_text][vc_column_text css=&#8221;&#8221; el_class=&#8221;hero-p&#8221;]<\/p>\n<p style=\"text-align: center;\">We plan your nutrition so you don&#8217;t have to worry about it.<\/p>\n<p>[\/vc_column_text][vc_btn title=&#8221;Start&#8221; align=&#8221;center&#8221; css=&#8221;&#8221; link=&#8221;url:https%3A%2F%2Fgetindya.com%2Fen%2Fathletes%2Fprices%2F|title:Prices&#8221; el_class=&#8221;rld-button&#8221;][\/vc_column][\/vc_row][\/vc_section][vc_section el_id=&#8221;ciencia-y-tecnologia&#8221;][vc_row el_class=&#8221;rld-container animated-title animated-p&#8221;][vc_column el_class=&#8221;col-left&#8221;][vc_column_text css=&#8221;&#8221; el_class=&#8221;hero-p&#8221;]<\/p>\n<div class=\"hero-title\">\n<h2>The most professional technology<\/h2>\n<\/div>\n<p>Online service with sports nutritionist and tracking app[\/vc_column_text][vc_raw_html css=&#8221;&#8221;]PGRpdiBjbGFzcz0ibW9ja3VwLWNvbnRhaW5lciBhbmltYXRlZC1zZXJpYWwtY29udGFpbmVyIj4KPGNhbnZhcyB3aWR0aD0iMTIzMyIgaGVpZ2h0PSI4MjYiPjwvY2FudmFzPgo8ZGl2IGNsYXNzPSJzLTMgc3BpbiI+PGltZyBjbGFzcz0icy0zMyBhbmltYXRlZC1zZXJpYWwtaXRlbSIgc3JjPSJbaW1nX3BhdGhdL2RlcG9ydGl0c2FzX2hvbWVfY3RfMy53ZWJwIiBhbHQ9IkFwcGxpY2F0aW9uIGltYWdlIj48L2Rpdj4KPGltZyBjbGFzcz0icy0yIGFuaW1hdGVkLXNlcmlhbC1pdGVtIiBzcmM9IltpbWdfcGF0aF0vZGVwb3J0aXRzYXNfaG9tZV9jdF8yLndlYnAiIGFsdD0iQXBwbGljYXRpb24gaW1hZ2UiPgo8aW1nIGNsYXNzPSJzLTEgYW5pbWF0ZWQtc2VyaWFsLWl0ZW0iIHNyYz0iW2ltZ19wYXRoXS9kZXBvcnRpdHNhc19ob21lX2N0XzEud2VicCIgYWx0PSJBcHBsaWNhdGlvbiBpbWFnZSI+CjwvZGl2Pg==[\/vc_raw_html][\/vc_column][\/vc_row][\/vc_section][vc_section el_id=&#8221;eliges&#8221;][vc_row][vc_column][vc_column_text css=&#8221;&#8221; el_class=&#8221;hero-title&#8221;]<\/p>\n<div class=\"hero-title\">\n<h2 style=\"text-align: center;\">YOU CHOOSE YOUR SPORTS NUTRITIONIST<\/h2>\n<\/div>\n<p>[\/vc_column_text][vc_column_text css=&#8221;&#8221; el_class=&#8221;animated-p&#8221;]<\/p>\n<div class=\"hero-title\">\n<p style=\"text-align: center;\"><span style=\"font-size: inherit; font-family: -apple-system, system-ui, BlinkMacSystemFont, 'Segoe UI', Helvetica, Arial, sans-serif, 'Apple Color Emoji', 'Segoe UI Emoji', 'Segoe UI Symbol';\">You will be able to work with the nutritionist that best suits you, your sport and your goals.<\/span><\/p>\n<\/div>\n<p>[\/vc_column_text][vc_column_text css=&#8221;&#8221; el_class=&#8221;p-block&#8221;]<\/p>\n<div class=\"hero-title\">\n<p style=\"text-align: center;\">UNLIMITED CHAT AND 1ST FREE VIDEOCONSULTATION<\/p>\n<\/div>\n<p>[\/vc_column_text][vc_row_inner el_class=&#8221;animated-serial-container&#8221;][vc_column_inner el_class=&#8221;animated-serial-item&#8221; width=&#8221;1\/3&#8243;][vc_single_image image=&#8221;27295&#8243; img_size=&#8221;full&#8221; css=&#8221;&#8221;][\/vc_column_inner][vc_column_inner el_class=&#8221;animated-serial-item&#8221; width=&#8221;1\/3&#8243;][vc_single_image image=&#8221;27293&#8243; img_size=&#8221;full&#8221; css=&#8221;&#8221;][\/vc_column_inner][vc_column_inner el_class=&#8221;animated-serial-item&#8221; width=&#8221;1\/3&#8243;][vc_single_image image=&#8221;27294&#8243; img_size=&#8221;full&#8221; css=&#8221;&#8221;][\/vc_column_inner][\/vc_row_inner][vc_btn title=&#8221;Meet the team&#8221; align=&#8221;center&#8221; css=&#8221;&#8221; link=&#8221;url:https%3A%2F%2Fgetindya.com%2Fen%2Fathletes%2Fteam-athletes%2F|title:Prices&#8221; el_class=&#8221;rld-button rld-button-invert&#8221;][\/vc_column][\/vc_row][\/vc_section][vc_section el_id=&#8221;siges&#8221;][vc_row][vc_column][vc_column_text css=&#8221;&#8221; el_class=&#8221;hero-title&#8221;]<\/p>\n<h2 style=\"text-align: center;\">You follow your nutritional plan in the app<\/h2>\n<p>[\/vc_column_text][vc_column_text css=&#8221;&#8221; el_class=&#8221;animated-p&#8221;]<\/p>\n<p style=\"text-align: center;\">With INDYA&#8217;s app you will know what your body needs at every moment<\/p>\n<p>[\/vc_column_text][vc_tta_tabs spacing=&#8221;&#8221; active_section=&#8221;1&#8243; el_id=&#8221;sigues-tab-block&#8221;][vc_tta_section title=&#8221;Complete&#8221; tab_id=&#8221;completo&#8221; el_class=&#8221;sigues-tab&#8221;][vc_row_inner][vc_column_inner width=&#8221;1\/2&#8243;][vc_column_text css=&#8221;&#8221;]<\/p>\n<h3>Nothing is missing and<br \/>\nnothing is left over.<\/h3>\n<p>Calories, macronutrients and micronutrients. All your nutrition and supplementation carefully calculated based on science and your data.[\/vc_column_text][vc_btn title=&#8221;View the App&#8221; css=&#8221;&#8221; el_class=&#8221;rld-button rld-button-invert&#8221; link=&#8221;url:https%3A%2F%2Fgetindya.com%2Fen%2Fathletes%2Fapp%2F|title:App&#8221;][\/vc_column_inner][vc_column_inner width=&#8221;1\/2&#8243;][vc_single_image image=&#8221;27326&#8243; img_size=&#8221;full&#8221; alignment=&#8221;right&#8221; css=&#8221;&#8221;][\/vc_column_inner][\/vc_row_inner][\/vc_tta_section][vc_tta_section title=&#8221;Flexible&#8221; tab_id=&#8221;flexible&#8221; el_class=&#8221;sigues-tab&#8221;][vc_row_inner][vc_column_inner width=&#8221;1\/2&#8243;][vc_column_text css=&#8221;&#8221;]<\/p>\n<h3>Recipes to your liking.<\/h3>\n<p>Change your recipes without altering your nutritionist&#8217;s strategy. Look for alternatives that you have in the fridge, that you feel like making or that you have time to make.[\/vc_column_text][vc_btn title=&#8221;View the App&#8221; css=&#8221;&#8221; el_class=&#8221;rld-button rld-button-invert&#8221; link=&#8221;url:https%3A%2F%2Fgetindya.com%2Fen%2Fathletes%2Fapp%2F|title:app&#8221;][\/vc_column_inner][vc_column_inner width=&#8221;1\/2&#8243;][vc_single_image image=&#8221;27335&#8243; img_size=&#8221;full&#8221; alignment=&#8221;right&#8221; css=&#8221;&#8221;][\/vc_column_inner][\/vc_row_inner][\/vc_tta_section][vc_tta_section title=&#8221;Smart&#8221; tab_id=&#8221;inteligente&#8221; el_class=&#8221;sigues-tab&#8221;][vc_row_inner][vc_column_inner width=&#8221;1\/2&#8243;][vc_column_text css=&#8221;&#8221;]<\/p>\n<h3>Readjusts if something changes<\/h3>\n<p>Your nutritional plan will readjust immediately if your workouts or food preferences change. Now the diet follows you.[\/vc_column_text][vc_btn title=&#8221;View the App&#8221; css=&#8221;&#8221; el_class=&#8221;rld-button rld-button-invert&#8221; link=&#8221;url:https%3A%2F%2Fgetindya.com%2Fen%2Fathletes%2Fapp%2F|title:app&#8221;][\/vc_column_inner][vc_column_inner width=&#8221;1\/2&#8243;][vc_single_image image=&#8221;27336&#8243; img_size=&#8221;full&#8221; alignment=&#8221;right&#8221; css=&#8221;&#8221;][\/vc_column_inner][\/vc_row_inner][\/vc_tta_section][vc_tta_section title=&#8221;Personalized&#8221; tab_id=&#8221;personalizado&#8221; el_class=&#8221;sigues-tab&#8221;][vc_row_inner][vc_column_inner width=&#8221;1\/4&#8243;][vc_column_text css=&#8221;&#8221;]<\/p>\n<h3>AS UNIQUE<br \/>\nAS YOU ARE<\/h3>\n<p>At INDYA no two plans are the same. Your plan is created and evolves based on your information, your data and your feedback.[\/vc_column_text][vc_btn title=&#8221;View the App&#8221; css=&#8221;&#8221; el_class=&#8221;rld-button rld-button-invert&#8221; link=&#8221;url:https%3A%2F%2Fgetindya.com%2Fen%2Fathletes%2Fapp%2F|title:app&#8221;][\/vc_column_inner][vc_column_inner width=&#8221;3\/4&#8243;][vc_column_text css=&#8221;&#8221; el_class=&#8221;tan-tags&#8221;]<\/p>\n<div><img decoding=\"async\" src=\"https:\/\/getindya.com\/wp-content\/uploads\/tap-sigues-genero.svg\" alt=\"Icon gender, age, body composition\" title=\"\">Sex, age, body composition<\/div>\n<div style=\"background-color: #6b6aff;\"><img decoding=\"async\" src=\"https:\/\/getindya.com\/wp-content\/uploads\/tap-sigues-objetivos.svg\" alt=\"Icon Objectives\" title=\"\">Objectives<\/div>\n<div><img decoding=\"async\" src=\"https:\/\/getindya.com\/wp-content\/uploads\/tap-sigues-horarios.svg\" alt=\"Schedules and habits\" title=\"\">Schedules and habits<\/div>\n<div style=\"background-color: #6b6aff;\"><img decoding=\"async\" src=\"https:\/\/getindya.com\/wp-content\/uploads\/tap-sigues-nivel.svg\" alt=\"Activity level\" title=\"\">Activity level<\/div>\n<div style=\"background-color: #6b6aff;\"><img decoding=\"async\" src=\"https:\/\/getindya.com\/wp-content\/uploads\/tap-sigues-gustos.svg\" alt=\"Tastes, desserts, coffees...\" title=\"\">Tastes, desserts, coffees&#8230;<\/div>\n<div><img decoding=\"async\" src=\"https:\/\/getindya.com\/wp-content\/uploads\/tap-sigues-patologias.svg\" alt=\"Pathologies and allergies\" title=\"\">Pathologies and allergies<\/div>\n<div><img decoding=\"async\" src=\"https:\/\/getindya.com\/wp-content\/uploads\/tap-sigues-tiempo.svg\" alt=\"Time and cooking level\" title=\"\">Time and cooking level<\/div>\n<div style=\"background-color: #6b6aff;\"><img decoding=\"async\" src=\"https:\/\/getindya.com\/wp-content\/uploads\/tap-sigues-conciliacion.svg\" alt=\"Family reconciliation\" title=\"\">Family reconciliation<\/div>\n<div style=\"background-color: #6b6aff;\"><img decoding=\"async\" src=\"https:\/\/getindya.com\/wp-content\/uploads\/tap-sigues-entranamiento.svg\" alt=\"Training and competitions\" title=\"\">Training and competitions<\/div>\n<p>[\/vc_column_text][\/vc_column_inner][\/vc_row_inner][\/vc_tta_section][\/vc_tta_tabs][\/vc_column][\/vc_row][\/vc_section][vc_section el_id=&#8221;perfecto&#8221;][vc_row][vc_column][vc_column_text css=&#8221;&#8221; el_class=&#8221;hero-title&#8221;]<\/p>\n<h2 style=\"text-align: center;\">INDYA is perfect for you if you&#8230;<\/h2>\n<p>[\/vc_column_text][vc_row_inner el_id=&#8221;slider-perfecto&#8221; el_class=&#8221;make-it-slider make-it-slider-horizontal&#8221;][vc_column_inner][vc_column_text css=&#8221;&#8221;]<img loading=\"lazy\" decoding=\"async\" class=\"alignnone size-full wp-image-27339\" src=\"https:\/\/getindya.com\/wp-content\/uploads\/perfecto_1_2x.webp\" alt=\"\" width=\"860\" height=\"560\" title=\"\" srcset=\"https:\/\/getindya.com\/wp-content\/uploads\/perfecto_1_2x.webp 860w, https:\/\/getindya.com\/wp-content\/uploads\/perfecto_1_2x-300x195.webp 300w, https:\/\/getindya.com\/wp-content\/uploads\/perfecto_1_2x-768x500.webp 768w\" sizes=\"auto, (max-width: 860px) 100vw, 860px\" \/><br \/>\nYou are a professional, amateur or recreational athlete.[\/vc_column_text][vc_column_text css=&#8221;&#8221;]<img loading=\"lazy\" decoding=\"async\" class=\"alignnone size-full wp-image-27339\" src=\"https:\/\/getindya.com\/wp-content\/uploads\/perfecto_2_2x.webp\" alt=\"\" width=\"860\" height=\"560\" title=\"\"><br \/>\nYou are looking for performance, health or body recomposition[\/vc_column_text][vc_column_text css=&#8221;&#8221;]<img loading=\"lazy\" decoding=\"async\" class=\"alignnone size-full wp-image-27339\" src=\"https:\/\/getindya.com\/wp-content\/uploads\/perfecto_3_2x.webp\" alt=\"\" width=\"860\" height=\"560\" title=\"\"><br \/>\nYou trust science and our nutritionists.[\/vc_column_text][vc_column_text css=&#8221;&#8221;]<img loading=\"lazy\" decoding=\"async\" class=\"alignnone size-full wp-image-27339\" src=\"https:\/\/getindya.com\/wp-content\/uploads\/perfecto_4_2x.webp\" alt=\"\" width=\"860\" height=\"560\" title=\"\"><br \/>\nYou understand that this is about habits and perseverance.[\/vc_column_text][vc_column_text css=&#8221;&#8221;]<img loading=\"lazy\" decoding=\"async\" class=\"alignnone size-full wp-image-27339\" src=\"https:\/\/getindya.com\/wp-content\/uploads\/perfecto_5_2x.webp\" alt=\"\" width=\"860\" height=\"560\" title=\"\"><br \/>\nAre you passionate about cooking or do you not know how to make an egg?[\/vc_column_text][vc_column_text css=&#8221;&#8221;]<img loading=\"lazy\" decoding=\"async\" class=\"alignnone size-full wp-image-27339\" src=\"https:\/\/getindya.com\/wp-content\/uploads\/perfecto_6_2x.webp\" alt=\"\" width=\"860\" height=\"560\" title=\"\"><br \/>\nYou live alone, as a couple or in a large family.[\/vc_column_text][vc_column_text css=&#8221;&#8221;]<img loading=\"lazy\" decoding=\"async\" class=\"alignnone size-full wp-image-27339\" src=\"https:\/\/getindya.com\/wp-content\/uploads\/perfecto_7_2x.webp\" alt=\"\" width=\"860\" height=\"560\" title=\"\"><br \/>\nYour diet is carnivorous or vegan.[\/vc_column_text][vc_column_text css=&#8221;&#8221;]<img loading=\"lazy\" decoding=\"async\" class=\"alignnone size-full wp-image-27339\" src=\"https:\/\/getindya.com\/wp-content\/uploads\/perfecto_9_2x.webp\" alt=\"\" width=\"860\" height=\"560\" title=\"\"><br \/>\nYou suffer from any allergy, intolerance or pathology.[\/vc_column_text][vc_column_text css=&#8221;&#8221;]<img loading=\"lazy\" decoding=\"async\" class=\"alignnone size-full wp-image-27339\" src=\"https:\/\/getindya.com\/wp-content\/uploads\/perfecto_10_2x.webp\" alt=\"\" width=\"860\" height=\"560\" title=\"\"><br \/>\nYou are pregnant or breastfeeding[\/vc_column_text][\/vc_column_inner][\/vc_row_inner][\/vc_column][\/vc_row][\/vc_section][vc_section el_id=&#8221;historia&#8221;][vc_row][vc_column width=&#8221;1\/2&#8243;][vc_column_text css=&#8221;&#8221; el_class=&#8221;hero-title h2box&#8221;]<\/p>\n<h2>History<\/h2>\n<p>[\/vc_column_text][vc_column_text css=&#8221;&#8221; el_class=&#8221;box&#8221;]<img loading=\"lazy\" decoding=\"async\" class=\"alignnone size-full wp-image-27354\" src=\"https:\/\/getindya.com\/wp-content\/uploads\/deportistas_home_historia_2x.webp\" alt=\"\" width=\"1268\" height=\"1068\" title=\"\" srcset=\"https:\/\/getindya.com\/wp-content\/uploads\/deportistas_home_historia_2x.webp 1268w, https:\/\/getindya.com\/wp-content\/uploads\/deportistas_home_historia_2x-300x253.webp 300w, https:\/\/getindya.com\/wp-content\/uploads\/deportistas_home_historia_2x-768x647.webp 768w\" sizes=\"auto, (max-width: 1268px) 100vw, 1268px\" \/><\/p>\n<div class=\"altura1\">We are a team of nutritionists, engineers and designers. In these 11 years we have planned the nutrition of more than 40,000 people, with a platform already used by hundreds of nutritionists and endorsed by legends such as P. Gasol, M. M\u00e1rquez, C. Sainz, I. Casillas, A. Espargar\u00f3 or Rudy Fern\u00e1ndez.<\/div>\n<div class=\"vc_btn3-container rld-button rld-button-invert vc_do_btn\"><a class=\"vc_general vc_btn3 vc_btn3-size-md vc_btn3-shape-rounded vc_btn3-style-modern vc_btn3-color-grey\" title=\"Where we come from\" href=\"https:\/\/getindya.com\/en\/athletes\/history\/\">Where we come from<\/a><\/div>\n<p>[\/vc_column_text][\/vc_column][vc_column width=&#8221;1\/2&#8243;][vc_column_text css=&#8221;&#8221; el_class=&#8221;hero-title h2box&#8221;]<\/p>\n<h2 class=\"derche\">Vision<\/h2>\n<p>[\/vc_column_text][vc_column_text css=&#8221;&#8221; el_class=&#8221;box&#8221;]<img loading=\"lazy\" decoding=\"async\" class=\"alignnone size-full wp-image-27353\" src=\"https:\/\/getindya.com\/wp-content\/uploads\/deportistas_home_vision_2x.webp\" alt=\"\" width=\"1280\" height=\"1068\" title=\"\" srcset=\"https:\/\/getindya.com\/wp-content\/uploads\/deportistas_home_vision_2x.webp 1280w, https:\/\/getindya.com\/wp-content\/uploads\/deportistas_home_vision_2x-300x250.webp 300w, https:\/\/getindya.com\/wp-content\/uploads\/deportistas_home_vision_2x-768x641.webp 768w\" sizes=\"auto, (max-width: 1280px) 100vw, 1280px\" \/><\/p>\n<div class=\"altura2\">We develop technology to empower the nutritionist and help thousands of people improve their health and performance through nutrition. We use data to get the complete picture of each person and achieve ultra-personalized, visible, real-time nutrition.<\/div>\n<div class=\"vc_btn3-container rld-button rld-button-invert vc_do_btn\"><a class=\"vc_general vc_btn3 vc_btn3-size-md vc_btn3-shape-rounded vc_btn3-style-modern vc_btn3-color-grey\" title=\"Where we are going\" href=\"https:\/\/getindya.com\/en\/athletes\/vision\/\">Where we are going<\/a><\/div>\n<p>[\/vc_column_text][\/vc_column][\/vc_row][\/vc_section][vc_section full_width=&#8221;stretch_row&#8221; content_placement=&#8221;middle&#8221; el_class=&#8221;faqs-section dark&#8221;][vc_row el_class=&#8221;rld-container&#8221;][vc_column width=&#8221;1\/4&#8243;][vc_column_text css=&#8221;&#8221; el_class=&#8221;title&#8221;]<\/p>\n<h3>FAQS<\/h3>\n<p>[\/vc_column_text][\/vc_column][vc_column width=&#8221;3\/4&#8243;][vc_toggle title=&#8221;Do you design training plans?&#8221; css=&#8221;&#8221; el_class=&#8221;faq-block&#8221;]<span style=\"font-weight: 400;\">We exclusively plan your nutrition, although we need to know when, how much and how you train in order to calculate the type of expenditure involved and to be able to plan what you need to eat at each moment to perform and recover.<\/span><span style=\"font-weight: 400;\"><br \/>\n<\/span>[\/vc_toggle][vc_toggle title=&#8221;Do I need to be an athlete or have a sporting challenge to subscribe?&#8221; css=&#8221;&#8221; el_class=&#8221;faq-block&#8221;]<span style=\"font-weight: 400;\">We design nutritional plans for people who do sports at any level, from someone who is just starting to go to the gym or walking to an athlete preparing for the next Olympic Games.<\/span><span style=\"font-weight: 400;\"><br \/>\n<\/span><span style=\"font-weight: 400;\"><br \/>\n<\/span><span style=\"font-weight: 400;\"> We work with all kinds of goals: reduce fat, prepare for any sporting challenge, increase your athletic performance, improve your health or simply order and control your diet&#8230; Whatever the goal, we focus the plan directly to get what you have set yourself. We also have challenges such as police or firefighter oppositions, start climbing, return to play paddle tennis after pregnancy, etc&#8230; We have proven the effectiveness of working with a challenge that motivates you. <\/span><span style=\"font-weight: 400;\"><br \/>\n<\/span><span style=\"font-weight: 400;\"><br \/>\n<\/span><span style=\"font-weight: 400;\"> The challenge can be as concrete as a race or as abstract as &#8220;getting my life back in order and getting back to feeling good about sport&#8221;.<\/span>[\/vc_toggle][vc_toggle title=&#8221;How do you manage people who frequently eat away from home?&#8221; css=&#8221;&#8221; el_class=&#8221;faq-block&#8221;]<span style=\"font-weight: 400;\">In the registration form you will be able to indicate which meals you prefer to take with you in a tupper. In this way, your nutritionist will look for recipes that you can easily cook and transport. <\/span><\/p>\n<p><span style=\"font-weight: 400;\">Another option is to use the &#8220;I won&#8217;t be able to make it&#8221; functionality. The app will allow you to make an option to your fridge, to the restaurant menu or to the display case of the prepared food store. If you are ordering from home, you will also be able to take a screenshot of the menu. In this way, it will suggest the options most similar to what you had planned by your nutritionist. At the moment this feature is only available for iOS. <\/span><\/p>\n<p><span style=\"font-weight: 400;\">We have many subscribers who eat off the menu at work or in a restaurant on a daily basis. So that you can keep your planning hassle-free, we recommend: <\/span><span style=\"font-weight: 400;\"><br \/>\n<\/span><\/p>\n<ol>\n<li style=\"font-weight: 400;\" aria-level=\"2\"><b>Consult with your nutritionist:<\/b><span style=\"font-weight: 400;\"> He or she will offer advice on how to avoid overindulging in those foods and help you balance the rest of your diet.<\/span><\/li>\n<li style=\"font-weight: 400;\" aria-level=\"2\"><b>Share the menu of your work:<\/b><span style=\"font-weight: 400;\"> If you know the meals they offer during the week or month, send it to your nutritionist. She will then be able to adapt your recipes and recommendations to what you actually consume. <\/span><\/li>\n<\/ol>\n<p>[\/vc_toggle][vc_toggle title=&#8221;Do you offer vouchers or discounts for couples or families?&#8221; css=&#8221;&#8221; el_class=&#8221;faq-block&#8221;]<span style=\"font-weight: 400;\">Subscription is done on an individual basis and everyone will have their own individualized plan according to their nutritional requirements, objective, preferences, etc. However, we do take reconciliation very much into account, because we understand that it is fundamental. <\/span><span style=\"font-weight: 400;\"><br \/>\n<\/span><span style=\"font-weight: 400;\"><br \/>\n<\/span><span style=\"font-weight: 400;\">What we do is to assign you to the same nutritionist (if you wish) so that he\/she has as much information as possible about the family logistics and can match your shopping lists and planning as much as possible, at least for the meals you have together. You can make video calls together or separately, as you prefer. <\/span><\/p>\n<p><span style=\"font-weight: 400;\">Work-life balance is a major complexity when creating and tracking schedules, which is why we do not offer partner bonuses or discounts.<\/span><\/p>\n<p><span style=\"font-weight: 400;\">To reconcile your plan with another person\/s you must check the &#8220;reconciliation&#8221; option in the app&#8217;s home form, entering your partner&#8217;s email address and vice versa.<\/span>[\/vc_toggle][vc_toggle title=&#8221;Is INDYA for all audiences?&#8221; css=&#8221;&#8221; el_class=&#8221;faq-block&#8221;]<span style=\"font-weight: 400;\">Yes, INDYA&#8217;s service is useful and recommended for everyone who trusts the advice of our nutritionists and understands that this is about habits and perseverance, <\/span><\/p>\n<ul>\n<li style=\"font-weight: 400;\" aria-level=\"1\"><span style=\"font-weight: 400;\">Professional, amateur or recreational athletes.<\/span><\/li>\n<li style=\"font-weight: 400;\" aria-level=\"1\"><span style=\"font-weight: 400;\">People looking to improve their health, performance or body composition.<\/span><\/li>\n<li style=\"font-weight: 400;\" aria-level=\"1\"><span style=\"font-weight: 400;\">Athletes who are doing keto, fasting or any other nutritional protocol.<\/span><\/li>\n<li style=\"font-weight: 400;\" aria-level=\"1\"><span style=\"font-weight: 400;\">Minors (always accompanied by an adult in the consultations). <\/span><\/li>\n<li style=\"font-weight: 400;\" aria-level=\"1\"><span style=\"font-weight: 400;\">Pregnant or breastfeeding women.<\/span><\/li>\n<li style=\"font-weight: 400;\" aria-level=\"1\"><span style=\"font-weight: 400;\">People with pathologies, allergies or different food awareness.<\/span><\/li>\n<li style=\"font-weight: 400;\" aria-level=\"1\"><span style=\"font-weight: 400;\">Spanish or foreigners. The app is available in different languages. <\/span><\/li>\n<li style=\"font-weight: 400;\" aria-level=\"1\"><span style=\"font-weight: 400;\">People who work in shifts or with changing schedules.<\/span><\/li>\n<\/ul>\n<p><span style=\"font-weight: 400;\">You can specify all these characteristics in the app&#8217;s questionnaire, tell your nutritionist about them in the first online consultation that we give you or, in the case of pathologies, send a report or medical results through the chat so that he\/she can take them into account.<\/span>[\/vc_toggle][vc_toggle title=&#8221;How do you measure remotely?&#8221; css=&#8221;&#8221; el_class=&#8221;faq-block&#8221;]<span style=\"font-weight: 400;\">The most frequent remote options are:<\/span><\/p>\n<p><span style=\"font-weight: 400;\">Do the anthropometry in a nearby center and send us the results through the app.<\/span><\/p>\n<p><span style=\"font-weight: 400;\">Use a bioimpedance scale and send us the results through the app.<\/span><\/p>\n<p><span style=\"font-weight: 400;\">Weight is the only data that we need for sure. The rest of your body composition data are dispensable. <\/span><\/p>\n<p><span style=\"font-weight: 400;\">Your nutritionist will keep track of your progress and you will be able to see your progress on the graphs in your app.<\/span>[\/vc_toggle][\/vc_column][\/vc_row][\/vc_section]<\/p>\n<\/div>","protected":false},"excerpt":{"rendered":"<p>[vc_section full_width=&#8221;stretch_row_content&#8221; full_height=&#8221;yes&#8221; content_placement=&#8221;middle&#8221; el_class=&#8221;hero-section&#8221; css=&#8221;.vc_custom_1718183591687{background-color: #191e2a !important;background-position: center !important;background-repeat: no-repeat !important;background-size: contain !important;}&#8221;][vc_row el_class=&#8221;rld-container&#8221;][vc_column][vc_column_text css=&#8221;&#8221; el_class=&#8221;hero-title&#8221;] The peace of mind of a sports nutritionist [\/vc_column_text][vc_column_text css=&#8221;&#8221; el_class=&#8221;hero-p&#8221;] We plan your nutrition so you don&#8217;t have to worry about it. [\/vc_column_text][vc_btn title=&#8221;Start&#8221; align=&#8221;center&#8221; css=&#8221;&#8221; link=&#8221;url:https%3A%2F%2Fgetindya.com%2Fen%2Fathletes%2Fprices%2F|title:Prices&#8221; el_class=&#8221;rld-button&#8221;][\/vc_column][\/vc_row][\/vc_section][vc_section el_id=&#8221;ciencia-y-tecnologia&#8221;][vc_row el_class=&#8221;rld-container animated-title animated-p&#8221;][vc_column el_class=&#8221;col-left&#8221;][vc_column_text css=&#8221;&#8221; el_class=&#8221;hero-p&#8221;] The most &#8230; <a title=\"Athletes\" class=\"read-more\" href=\"https:\/\/getindya.com\/en\/athletes\/\" aria-label=\"Read more about Athletes\">Read more<\/a><\/p>\n","protected":false},"author":1,"featured_media":0,"parent":0,"menu_order":0,"comment_status":"closed","ping_status":"closed","template":"","meta":{"_acf_changed":false,"rop_custom_images_group":[],"rop_custom_messages_group":[],"rop_publish_now":"initial","rop_publish_now_accounts":[],"rop_publish_now_history":[],"rop_publish_now_status":"pending","footnotes":""},"class_list":["post-30809","page","type-page","status-publish"],"acf":[],"_links":{"self":[{"href":"https:\/\/getindya.com\/en\/wp-json\/wp\/v2\/pages\/30809","targetHints":{"allow":["GET"]}}],"collection":[{"href":"https:\/\/getindya.com\/en\/wp-json\/wp\/v2\/pages"}],"about":[{"href":"https:\/\/getindya.com\/en\/wp-json\/wp\/v2\/types\/page"}],"author":[{"embeddable":true,"href":"https:\/\/getindya.com\/en\/wp-json\/wp\/v2\/users\/1"}],"replies":[{"embeddable":true,"href":"https:\/\/getindya.com\/en\/wp-json\/wp\/v2\/comments?post=30809"}],"version-history":[{"count":3,"href":"https:\/\/getindya.com\/en\/wp-json\/wp\/v2\/pages\/30809\/revisions"}],"predecessor-version":[{"id":31439,"href":"https:\/\/getindya.com\/en\/wp-json\/wp\/v2\/pages\/30809\/revisions\/31439"}],"wp:attachment":[{"href":"https:\/\/getindya.com\/en\/wp-json\/wp\/v2\/media?parent=30809"}],"curies":[{"name":"wp","href":"https:\/\/api.w.org\/{rel}","templated":true}]}}