{"id":30806,"date":"2025-06-19T11:12:05","date_gmt":"2025-06-19T09:12:05","guid":{"rendered":"https:\/\/getindya.com\/trainers\/"},"modified":"2025-09-19T10:17:15","modified_gmt":"2025-09-19T08:17:15","slug":"trainers","status":"publish","type":"page","link":"https:\/\/getindya.com\/en\/trainers\/","title":{"rendered":"Trainers"},"content":{"rendered":"<div class=\"wpb-content-wrapper\"><p>[vc_section full_width=&#8221;stretch_row_content&#8221; full_height=&#8221;yes&#8221; content_placement=&#8221;middle&#8221; el_class=&#8221;hero-section&#8221; css=&#8221;.vc_custom_1718183591687{background-color: #191e2a !important;background-position: center !important;background-repeat: no-repeat !important;background-size: contain !important;}&#8221;][vc_row el_class=&#8221;rld-container&#8221;][vc_column][vc_column_text css=&#8221;&#8221; el_class=&#8221;hero-title&#8221;]<\/p>\n<h1 style=\"text-align: center; max-width: 600px; margin-left: auto; margin-right: auto;\">Nutrition service for trainers<\/h1>\n<p>[\/vc_column_text][vc_column_text css=&#8221;&#8221; el_class=&#8221;hero-p&#8221;]<\/p>\n<p style=\"text-align: center; max-width: 800px; margin-left: auto; margin-right: auto;\">The most cost-effective way to plan your customers&#8217; nutrition.<\/p>\n<p>[\/vc_column_text][vc_btn title=&#8221;Reserve demo&#8221; align=&#8221;center&#8221; css=&#8221;&#8221; link=&#8221;url:https%3A%2F%2Fcalendar.google.com%2Fcalendar%2Fu%2F0%2Fappointments%2Fschedules%2FAcZssZ34MhBUxxFApzaxyRPkoK6a3QFkfrhzYcNk8prJJ54aPTkZ42LVRUn7zsbiNpdKSyH-KtuyETgj|title:Demo|&#8221; el_class=&#8221;rld-button&#8221;][\/vc_column][\/vc_row][\/vc_section][vc_section el_id=&#8221;incluye&#8221;][vc_row][vc_column][vc_column_text css=&#8221;&#8221; el_class=&#8221;animated-title no-wpb-padding&#8221;]<\/p>\n<h2 style=\"text-align: center;\">What does the service include?<\/h2>\n<p>[\/vc_column_text][vc_column_text css=&#8221;&#8221; el_class=&#8221;animated-p&#8221;]<\/p>\n<p style=\"text-align: center;\">You can offer the nutritional planning service with or without a nutritionist.<\/p>\n<p>[\/vc_column_text][\/vc_column][\/vc_row][vc_row el_class=&#8221;animated-serial-container&#8221;][vc_column width=&#8221;1\/2&#8243; el_class=&#8221;animated-serial-item&#8221;][vc_column_text css=&#8221;&#8221;]<img loading=\"lazy\" decoding=\"async\" class=\"alignnone size-full wp-image-27663\" role=\"img\" src=\"https:\/\/getindya.com\/wp-content\/uploads\/entrenador-sin.svg\" alt=\"\" width=\"120\" height=\"120\" title=\"\"><\/p>\n<h3>APP <strong>WITHOUT<\/strong> nutritionist<\/h3>\n<div class=\"vc_btn3-container rld-button rld-button-invert vc_do_btn\"><a class=\"vc_general vc_btn3 vc_btn3-size-md vc_btn3-shape-rounded vc_btn3-style-modern vc_btn3-color-grey\" style=\"left: 0%; width: 100%;\" title=\"See details\" href=\"https:\/\/getindya.com\/en\/trainers\/app-without-nutritionist\/\">See what&#8217;s included<\/a><\/div>\n<p>[\/vc_column_text][\/vc_column][vc_column width=&#8221;1\/2&#8243; el_class=&#8221;animated-serial-item&#8221;][vc_column_text css=&#8221;&#8221;]<img loading=\"lazy\" decoding=\"async\" class=\"alignnone size-full wp-image-27662\" role=\"img\" src=\"https:\/\/getindya.com\/wp-content\/uploads\/entrenador-con.svg\" alt=\"\" width=\"120\" height=\"120\" title=\"\"><\/p>\n<h3>APP <strong>WITH<\/strong> nutritionist<\/h3>\n<div class=\"vc_btn3-container rld-button rld-button-invert vc_do_btn\"><a class=\"vc_general vc_btn3 vc_btn3-size-md vc_btn3-shape-rounded vc_btn3-style-modern vc_btn3-color-grey\" style=\"left: 0%; width: 100%;\" title=\"See details\" href=\"https:\/\/getindya.com\/en\/trainers\/app\/\">See what&#8217;s included<\/a><\/div>\n<p>[\/vc_column_text][\/vc_column][\/vc_row][\/vc_section][vc_section el_id=&#8221;funciona&#8221;][vc_row][vc_column][vc_column_text css=&#8221;&#8221; el_class=&#8221;animated-title no-wpb-padding&#8221;]<\/p>\n<h2 style=\"text-align: center;\">How does collaboration work?<\/h2>\n<p>[\/vc_column_text][\/vc_column][\/vc_row][vc_row][vc_column][vc_row_inner el_class=&#8221;pasos-funciona pasos-funciona-dep&#8221;][vc_column_inner el_class=&#8221;animated-serial-container&#8221;][vc_column_text css=&#8221;&#8221; el_class=&#8221;animated-serial-item&#8221;]<strong>01<\/strong><\/p>\n<p>INDYA plan the nutrition of your clients at a super reduced price.[\/vc_column_text][vc_column_text css=&#8221;&#8221; el_class=&#8221;animated-serial-item&#8221;]<strong>02<\/strong><\/p>\n<p>You offer INDYA with your training at a higher price (whichever you want)[\/vc_column_text][vc_column_text css=&#8221;&#8221; el_class=&#8221;animated-serial-item&#8221;]<strong>03<\/strong><\/p>\n<p>You get benefits without working more hours, investing, hiring or integrating technology.[\/vc_column_text][vc_raw_html css=&#8221;&#8221; el_class=&#8221;animated-serial-item&#8221;]PGRpdiBjbGFzcz0ibGluZWEiPi08L2Rpdj4=[\/vc_raw_html][\/vc_column_inner][\/vc_row_inner][\/vc_column][\/vc_row][\/vc_section][vc_section el_id=&#8221;nutrici\u00f3n-p&#8221;][vc_row][vc_column width=&#8221;1\/2&#8243; el_class=&#8221;text-column&#8221;][vc_column_text css=&#8221;&#8221; el_class=&#8221;animated-title animated-p custom-max-width&#8221;]<\/p>\n<h2>Nutrition<br \/>\npersonalized<\/h2>\n<p>Whether they are looking for health or performance, whether they choose the rate with or without nutritionist, your clients will have an individualized nutritional planning.<\/p>\n<h3>Adapted to your training<\/h3>\n<p>The INDYA app syncs with TrainingPeaks and Strava to recalculate the nutritional plan if you add, modify or delete a workout.[\/vc_column_text][\/vc_column][vc_column width=&#8221;1\/2&#8243; el_class=&#8221;animated-serial-container text-column&#8221;][vc_column_text css=&#8221;&#8221; el_class=&#8221;canvas-img&#8221;]<canvas width=\"610\" height=\"750\"><\/canvas><br \/>\n<img loading=\"lazy\" decoding=\"async\" class=\"animated-serial-item wp-image-27464\" src=\"https:\/\/getindya.com\/wp-content\/uploads\/entr_home_app_frame_2x.webp\" alt=\"\" width=\"1220\" height=\"1501\" title=\"\" srcset=\"https:\/\/getindya.com\/wp-content\/uploads\/entr_home_app_frame_2x.webp 1220w, https:\/\/getindya.com\/wp-content\/uploads\/entr_home_app_frame_2x-244x300.webp 244w, https:\/\/getindya.com\/wp-content\/uploads\/entr_home_app_frame_2x-768x945.webp 768w\" sizes=\"auto, (max-width: 1220px) 100vw, 1220px\" \/><img loading=\"lazy\" decoding=\"async\" class=\"animated-serial-item wp-image-27462\" src=\"https:\/\/getindya.com\/wp-content\/uploads\/entr_home_app_sliders_2x.webp\" alt=\"\" width=\"1220\" height=\"1501\" title=\"\" srcset=\"https:\/\/getindya.com\/wp-content\/uploads\/entr_home_app_sliders_2x.webp 1220w, https:\/\/getindya.com\/wp-content\/uploads\/entr_home_app_sliders_2x-244x300.webp 244w, https:\/\/getindya.com\/wp-content\/uploads\/entr_home_app_sliders_2x-768x945.webp 768w\" sizes=\"auto, (max-width: 1220px) 100vw, 1220px\" \/><img loading=\"lazy\" decoding=\"async\" class=\"animated-serial-item wp-image-27463\" src=\"https:\/\/getindya.com\/wp-content\/uploads\/entr_home_app_graf_2x.webp\" alt=\"\" width=\"1220\" height=\"1501\" title=\"\" srcset=\"https:\/\/getindya.com\/wp-content\/uploads\/entr_home_app_graf_2x.webp 1220w, https:\/\/getindya.com\/wp-content\/uploads\/entr_home_app_graf_2x-244x300.webp 244w, https:\/\/getindya.com\/wp-content\/uploads\/entr_home_app_graf_2x-768x945.webp 768w\" sizes=\"auto, (max-width: 1220px) 100vw, 1220px\" \/>[\/vc_column_text][\/vc_column][\/vc_row][\/vc_section][vc_section el_id=&#8221;visualiza&#8221;][vc_row][vc_column][vc_column_text css=&#8221;&#8221; el_class=&#8221;animated-title&#8221;]<\/p>\n<h2 style=\"text-align: center;\">Visualize your data and sensations<\/h2>\n<p>[\/vc_column_text][vc_column_text css=&#8221;&#8221; el_class=&#8221;animated-p custom-max-width&#8221;]<\/p>\n<p style=\"text-align: center;\">Manage registrations and cancellations to INDYA&#8217;s service. Follow the status and evolution of body composition, nutritional planning and feedback of each client.<\/p>\n<p>[\/vc_column_text][\/vc_column][\/vc_row][vc_row el_class=&#8221;animated-serial-container&#8221;][vc_column width=&#8221;1\/2&#8243;][vc_single_image image=&#8221;27858&#8243; img_size=&#8221;full&#8221; css=&#8221;&#8221; el_class=&#8221;animated-serial-item&#8221;][\/vc_column][vc_column width=&#8221;1\/2&#8243;][vc_single_image image=&#8221;27859&#8243; img_size=&#8221;full&#8221; css=&#8221;&#8221; el_class=&#8221;animated-serial-item&#8221;][\/vc_column][\/vc_row][vc_row el_class=&#8221;animated-serial-container&#8221;][vc_column][vc_btn title=&#8221;15-day free trial&#8221; align=&#8221;center&#8221; css=&#8221;&#8221; link=&#8221;url:https%3A%2F%2Fcalendar.google.com%2Fcalendar%2Fu%2F0%2Fappointments%2Fschedules%2FAcZssZ34MhBUxxFApzaxyRPkoK6a3QFkfrhzYcNk8prJJ54aPTkZ42LVRUn7zsbiNpdKSyH-KtuyETgj|title:Prices&#8221; el_class=&#8221;rld-button animated-serial-item&#8221;][\/vc_column][\/vc_row][\/vc_section][vc_section el_id=&#8221;conoce-nutris&#8221;][vc_row][vc_column width=&#8221;1\/2&#8243;][vc_column_text css=&#8221;&#8221; el_class=&#8221;custom-max-width&#8221;]<\/p>\n<h2>Sports nutritionists<\/h2>\n<p>All INDYA&#8217;s nutritionists are qualified and specialized in sports performance. Your clients will be able to choose the one that best fits their profile and objective.[\/vc_column_text][vc_btn title=&#8221;Meet the team&#8221; align=&#8221;center&#8221; css=&#8221;&#8221; link=&#8221;url:https%3A%2F%2Fgetindya.com%2Fen%2Ftrainers%2Fnutritionist-team%2F|title:Nutritionist%20team|&#8221; el_class=&#8221;rld-button rld-button-invert&#8221;][\/vc_column][vc_column width=&#8221;1\/2&#8243;][vc_single_image image=&#8221;27466&#8243; img_size=&#8221;full&#8221; css=&#8221;&#8221;][\/vc_column][\/vc_row][\/vc_section][vc_section el_id=&#8221;historia&#8221;][vc_row][vc_column width=&#8221;1\/2&#8243;][vc_column_text css=&#8221;&#8221; el_class=&#8221;hero-title h2box&#8221;]<\/p>\n<h2>History<\/h2>\n<p>[\/vc_column_text][vc_column_text css=&#8221;&#8221; el_class=&#8221;box&#8221;]<img loading=\"lazy\" decoding=\"async\" class=\"alignnone size-full wp-image-27354\" src=\"https:\/\/getindya.com\/wp-content\/uploads\/deportistas_home_historia_2x.webp\" alt=\"\" width=\"1268\" height=\"1068\" title=\"\" srcset=\"https:\/\/getindya.com\/wp-content\/uploads\/deportistas_home_historia_2x.webp 1268w, https:\/\/getindya.com\/wp-content\/uploads\/deportistas_home_historia_2x-300x253.webp 300w, https:\/\/getindya.com\/wp-content\/uploads\/deportistas_home_historia_2x-768x647.webp 768w\" sizes=\"auto, (max-width: 1268px) 100vw, 1268px\" \/><\/p>\n<div class=\"altura1\">We are a team of nutritionists, engineers and designers. In these 11 years we have planned the nutrition of more than 40,000 people, with a platform already used by hundreds of nutritionists and endorsed by legends such as P. Gasol, M. M\u00e1rquez, C. Sainz, I. Casillas, A. Espargar\u00f3 or Rudy Fern\u00e1ndez.<\/div>\n<div class=\"vc_btn3-container rld-button rld-button-invert vc_do_btn\"><a class=\"vc_general vc_btn3 vc_btn3-size-md vc_btn3-shape-rounded vc_btn3-style-modern vc_btn3-color-grey\" title=\"Where we come from\" href=\"https:\/\/getindya.com\/en\/trainers\/history\/\">Where we come from<\/a><\/div>\n<p>[\/vc_column_text][\/vc_column][vc_column width=&#8221;1\/2&#8243;][vc_column_text css=&#8221;&#8221; el_class=&#8221;hero-title h2box&#8221;]<\/p>\n<h2 class=\"derche\">Vision<\/h2>\n<p>[\/vc_column_text][vc_column_text css=&#8221;&#8221; el_class=&#8221;box&#8221;]<img loading=\"lazy\" decoding=\"async\" class=\"alignnone size-full wp-image-27353\" src=\"https:\/\/getindya.com\/wp-content\/uploads\/deportistas_home_vision_2x.webp\" alt=\"\" width=\"1280\" height=\"1068\" title=\"\" srcset=\"https:\/\/getindya.com\/wp-content\/uploads\/deportistas_home_vision_2x.webp 1280w, https:\/\/getindya.com\/wp-content\/uploads\/deportistas_home_vision_2x-300x250.webp 300w, https:\/\/getindya.com\/wp-content\/uploads\/deportistas_home_vision_2x-768x641.webp 768w\" sizes=\"auto, (max-width: 1280px) 100vw, 1280px\" \/><\/p>\n<div class=\"altura2\">We develop technology to empower the nutritionist and help thousands of people improve their health and performance through nutrition. We use data to get the complete picture of each person and achieve ultra-personalized, visible, real-time nutrition.<\/div>\n<div class=\"vc_btn3-container rld-button rld-button-invert vc_do_btn\"><a class=\"vc_general vc_btn3 vc_btn3-size-md vc_btn3-shape-rounded vc_btn3-style-modern vc_btn3-color-grey\" title=\"Where we are going\" href=\"https:\/\/getindya.com\/en\/trainers\/vision\/\">Where we are going<\/a><\/div>\n<p>[\/vc_column_text][\/vc_column][\/vc_row][\/vc_section][vc_section full_width=&#8221;stretch_row&#8221; content_placement=&#8221;middle&#8221; el_class=&#8221;faqs-section dark&#8221;][vc_row el_class=&#8221;rld-container&#8221;][vc_column width=&#8221;1\/4&#8243;][vc_column_text css=&#8221;&#8221; el_class=&#8221;title&#8221;]<\/p>\n<h3>FAQS<\/h3>\n<p>[\/vc_column_text][\/vc_column][vc_column width=&#8221;3\/4&#8243;][vc_toggle title=&#8221;How does INDYA help me increase the profitability of my coaching business?&#8221; css=&#8221;&#8221; el_class=&#8221;faq-block&#8221;]<span style=\"font-weight: 400;\">INDYA allows you to offer nutritional planning without hiring a nutritionist, integrating technology or making an upfront investment.<\/span><\/p>\n<p><span style=\"font-weight: 400;\">You decide the selling price of our service, obtaining the economic profit margin that you consider. <\/span><\/p>\n<p><span style=\"font-weight: 400;\">Thanks to your control panel you will be able to offer a personalized follow-up by having the data and sensations of your clients.<\/span><\/p>\n<p><span style=\"font-weight: 400;\">In addition, you improve your value proposition and customer retention by offering a complementary service that will improve the results of your training plans.<\/span>[\/vc_toggle][vc_toggle title=&#8221;Can I test the service before offering it?&#8221; css=&#8221;&#8221; el_class=&#8221;faq-block&#8221;]<span style=\"font-weight: 400;\">Yes, you have a 15-day free trial as a customer, with full access to the app and the service with nutritionist. This trial is just for you. <\/span><span style=\"font-weight: 400;\">If you activate other customers during the trial period, they will be included in your bill.<\/span><\/p>\n<p><span style=\"font-weight: 400;\">When the test is over you will be able to:<\/span><\/p>\n<p><span style=\"font-weight: 400;\">A) subscribe and pay for the service (with or without nutritionist) as another client.<br \/>\nB) subscribe to offer the service to your clients, but without using it yourself. In this case you will only have to unsubscribe your user so that it is not included in the invoice.<br \/>\nC) Do not subscribe. In this case you do not have to do anything. <\/span>[\/vc_toggle][vc_toggle title=&#8221;Do you provide any initial training or support?&#8221; css=&#8221;&#8221; el_class=&#8221;faq-block&#8221;]Yes, you will have access to:<\/p>\n<ol>\n<li>Visual and audiovisual material to communicate the service to your customers.<\/li>\n<li>Whatsapp with an INDYA nutritionist to answer any questions you may have<\/li>\n<li>The video call demos you need to explain the software and the app.<\/li>\n<li>Support page with all the most common questions.<\/li>\n<\/ol>\n<p>[\/vc_toggle][vc_toggle title=&#8221;Does the subscription have any permanence?&#8221; css=&#8221;&#8221; el_class=&#8221;faq-block&#8221;]No. Cancelas cuando quieras (Ten en cuenta que a tus deportistas tambi\u00e9n se les cancelar\u00e1 el acceso a la app de seguimiento).<\/p>\n<p class=\"p1\">Para cancelar debes programar la <b>fecha de baja de cada uno de tus clientes desde tu panel de entrenador<\/b>.<\/p>\n<p class=\"p1\">Si alguno de tus deportistas queda sin fecha de baja fijada, se seguir\u00e1 contabilizando en la factura del mes siguiente. Es importante que te asegures de que <b>TODOS tus clientes est\u00e9n dados de baja correctamente<\/b>\u00a0antes de cancelar tu suscripci\u00f3n.<\/p>\n<p>[\/vc_toggle][vc_toggle title=&#8221;Can I integrate INDYA with other apps or work with more coaches?&#8221; css=&#8221;&#8221; el_class=&#8221;faq-block&#8221;]<span style=\"font-weight: 400;\">Although INDYA&#8217;s app for your clients does integrate with Strava, TrainingPeaks, Apple Health and Google Health Connected, INDYA&#8217;s software for trainers does not currently integrate with external platforms.<\/span><\/p>\n<p><span style=\"font-weight: 400;\">You can add other trainers to your team when you need to, by writing via WhatsApp to. <\/span><b>685 48 96 04<\/b><span style=\"font-weight: 400;\"> or by email to <\/span><a href=\"mailto:atencion-entrenadores@getindya.com\"><b>atencion-entrenadores@getindya.com<\/b><\/a><span style=\"font-weight: 400;\">.<\/span>[\/vc_toggle][vc_toggle title=&#8221;Can I view or edit my clients&#8217; schedules?&#8221; css=&#8221;&#8221; el_class=&#8221;faq-block&#8221;]<span style=\"font-weight: 400;\">You will not be able to see or edit the complete nutritional planning but you will be able to talk to them so that they can comment or suggest to their nutritionist what you consider. You will be able to see the evolution of the body composition, the nutritional summary and the weekly surveys of sensations. <\/span>[\/vc_toggle][vc_toggle title=&#8221;Is there a limit to the number of clients?&#8221; css=&#8221;&#8221; el_class=&#8221;faq-block&#8221;]<span style=\"font-weight: 400;\">No, you can include as many customers as you want in the service.<\/span>[\/vc_toggle][vc_toggle title=&#8221;At what price do you offer this same service?&#8221; css=&#8221;&#8221; el_class=&#8221;faq-block&#8221;]<span style=\"font-weight: 400;\">Only trainers can offer the service without nutritionist at the beginning. Outside the collaboration with coaches, the service without nutritionist is only offered as maintenance during a certain period (vacations, work peaks, etc.) when you have already subscribed with a nutritionist and has a cost of 9.90 \u20ac \/ month, so the cost for coaches would be a 50% discount. <\/span><span style=\"font-weight: 400;\"><br \/>\n<\/span><span style=\"font-weight: 400;\"><br \/>\n<\/span><span style=\"font-weight: 400;\"> The subscription with nutritionist, on the other hand, has a cost of 49 \u20ac\/month on our website. For the trainer, it costs \u20ac19.90\/month (+ tax) per athlete. <\/span>[\/vc_toggle][vc_toggle title=&#8221;Do customers pay me directly or through the app?&#8221; css=&#8221;&#8221; el_class=&#8221;faq-block&#8221;]<span style=\"font-weight: 400;\">Clients pay directly to you as a coach, in the way you consider most convenient when you activate the fee for them.<\/span><span style=\"font-weight: 400;\"><br \/>\n<\/span><span style=\"font-weight: 400;\"><br \/>\n<\/span><span style=\"font-weight: 400;\"> INDYA does not manage your clients&#8217; payments through the app, as the trainers are the ones who are in charge of managing registrations and cancellations and collecting subscriptions directly with them.<\/span><span style=\"font-weight: 400;\"><br \/>\n<\/span><span style=\"font-weight: 400;\"><br \/>\n<\/span><span style=\"font-weight: 400;\"> \u261d\ud83c\udffc Yes, online consultations or anthropometries booked by clients with the nutritionist rate will be paid through the app.<\/span>[\/vc_toggle][vc_toggle title=&#8221;How is it billed?&#8221; css=&#8221;&#8221; el_class=&#8221;faq-block&#8221;]<span style=\"font-weight: 400;\">The subscription is automatically renewed every month, unless you cancel it. <\/span><span style=\"font-weight: 400;\">Billing is monthly and is generated on the 1st of each month. <\/span><\/p>\n<p><span style=\"font-weight: 400;\">The amount of the invoice depends on the number of active athletes in the calendar month prior to the invoice and the contracted rate (with or without nutritionist). There is no proration: the full month is always charged, regardless of when the service starts. <em>E.g. On September 1 you would pay for all athletes who have been active during the month of August. <\/em><\/span><\/p>\n<p><span style=\"font-weight: 400;\">You can add your billing and card details from the dashboard and remember that your customer account is only free for the first 15 days. Subscriptions cannot be paid in cash, by Bizum or by bank transfer. All subscriptions must be linked to a debit or credit card. <\/span>[\/vc_toggle][\/vc_column][\/vc_row][\/vc_section]<\/p>\n<\/div>","protected":false},"excerpt":{"rendered":"<p>[vc_section full_width=&#8221;stretch_row_content&#8221; full_height=&#8221;yes&#8221; content_placement=&#8221;middle&#8221; el_class=&#8221;hero-section&#8221; css=&#8221;.vc_custom_1718183591687{background-color: #191e2a !important;background-position: center !important;background-repeat: no-repeat !important;background-size: contain !important;}&#8221;][vc_row el_class=&#8221;rld-container&#8221;][vc_column][vc_column_text css=&#8221;&#8221; el_class=&#8221;hero-title&#8221;] Nutrition service for trainers [\/vc_column_text][vc_column_text css=&#8221;&#8221; el_class=&#8221;hero-p&#8221;] The most cost-effective way to plan your customers&#8217; nutrition. [\/vc_column_text][vc_btn title=&#8221;Reserve demo&#8221; align=&#8221;center&#8221; css=&#8221;&#8221; link=&#8221;url:https%3A%2F%2Fcalendar.google.com%2Fcalendar%2Fu%2F0%2Fappointments%2Fschedules%2FAcZssZ34MhBUxxFApzaxyRPkoK6a3QFkfrhzYcNk8prJJ54aPTkZ42LVRUn7zsbiNpdKSyH-KtuyETgj|title:Demo|&#8221; el_class=&#8221;rld-button&#8221;][\/vc_column][\/vc_row][\/vc_section][vc_section el_id=&#8221;incluye&#8221;][vc_row][vc_column][vc_column_text css=&#8221;&#8221; el_class=&#8221;animated-title no-wpb-padding&#8221;] What does the service include? [\/vc_column_text][vc_column_text css=&#8221;&#8221; el_class=&#8221;animated-p&#8221;] You can offer &#8230; <a title=\"Trainers\" class=\"read-more\" href=\"https:\/\/getindya.com\/en\/trainers\/\" aria-label=\"Read more about Trainers\">Read more<\/a><\/p>\n","protected":false},"author":1,"featured_media":0,"parent":0,"menu_order":0,"comment_status":"closed","ping_status":"closed","template":"","meta":{"_acf_changed":false,"rop_custom_images_group":[],"rop_custom_messages_group":[],"rop_publish_now":"initial","rop_publish_now_accounts":[],"rop_publish_now_history":[],"rop_publish_now_status":"pending","footnotes":""},"class_list":["post-30806","page","type-page","status-publish"],"acf":[],"_links":{"self":[{"href":"https:\/\/getindya.com\/en\/wp-json\/wp\/v2\/pages\/30806","targetHints":{"allow":["GET"]}}],"collection":[{"href":"https:\/\/getindya.com\/en\/wp-json\/wp\/v2\/pages"}],"about":[{"href":"https:\/\/getindya.com\/en\/wp-json\/wp\/v2\/types\/page"}],"author":[{"embeddable":true,"href":"https:\/\/getindya.com\/en\/wp-json\/wp\/v2\/users\/1"}],"replies":[{"embeddable":true,"href":"https:\/\/getindya.com\/en\/wp-json\/wp\/v2\/comments?post=30806"}],"version-history":[{"count":3,"href":"https:\/\/getindya.com\/en\/wp-json\/wp\/v2\/pages\/30806\/revisions"}],"predecessor-version":[{"id":31442,"href":"https:\/\/getindya.com\/en\/wp-json\/wp\/v2\/pages\/30806\/revisions\/31442"}],"wp:attachment":[{"href":"https:\/\/getindya.com\/en\/wp-json\/wp\/v2\/media?parent=30806"}],"curies":[{"name":"wp","href":"https:\/\/api.w.org\/{rel}","templated":true}]}}