{"id":30800,"date":"2025-06-24T16:50:24","date_gmt":"2025-06-24T14:50:24","guid":{"rendered":"https:\/\/getindya.com\/indya-home\/"},"modified":"2025-11-26T10:08:23","modified_gmt":"2025-11-26T09:08:23","slug":"indya-home","status":"publish","type":"page","link":"https:\/\/getindya.com\/en\/","title":{"rendered":"INDYA &#8211; Home"},"content":{"rendered":"<div class=\"wpb-content-wrapper\"><p>[vc_section full_width=&#8221;stretch_row_content&#8221; full_height=&#8221;yes&#8221; content_placement=&#8221;middle&#8221; el_class=&#8221;hero-section&#8221; el_id=&#8221;home-indya-hero-section&#8221;][vc_row el_class=&#8221;rld-container&#8221;][vc_column][vc_column_text css=&#8221;&#8221; el_class=&#8221;hero-title&#8221;]<\/p>\n<h1 style=\"text-align: center;\">Nutrition Hits the Streets<\/h1>\n<p>[\/vc_column_text][vc_column_text css=&#8221;&#8221; el_class=&#8221;hero-p&#8221;]<\/p>\n<p style=\"text-align: center;\">Science that fits your life.<\/p>\n<p>[\/vc_column_text][\/vc_column][\/vc_row][\/vc_section][vc_section el_id=&#8221;home-indya-vanguardia&#8221;][vc_row][vc_column][vc_column_text css=&#8221;&#8221; el_class=&#8221;animated-title&#8221;]<\/p>\n<h2 style=\"text-align: center;\">Leading the Future<br \/>\nof Nutrition Planning<\/h2>\n<p>[\/vc_column_text][vc_column_text css=&#8221;&#8221; el_class=&#8221;animated-p&#8221;]<\/p>\n<p style=\"text-align: center;\">12 years making nutrition more personalized, practical, and easier to understand.<\/p>\n<p>[\/vc_column_text][\/vc_column][\/vc_row][vc_row el_class=&#8221;animated-serial-container&#8221;][vc_column width=&#8221;1\/2&#8243;][vc_raw_html css=&#8221;&#8221;]JTNDYSUyMGNsYXNzJTNEJTIyYW5pbWF0ZWQtc2VyaWFsLWl0ZW0lMjBjb2xvci1udXRyaWNpb25pc3RhcyUyMiUyMHRpdGxlJTNEJTIyR28lMjB0byUyMHRvb2xzJTIwZm9yJTIwbnV0cml0aW9uaXN0cyUyMiUyMGhyZWYlM0QlMjIlNUJyb290X3BhdGglNUQlMkZlbiUyRm51dHJpdGlvbi1zb2Z0d2FyZSUyRiUyMiUzRSUwQSUzQ2ltZyUyMHNyYyUzRCUyMiU1QmltZ19wYXRoJTVEJTJGaG9tZS12YW5ndWFyZGlhLW51dHJpY2lvbmlzdGFzXzJ4LndlYnAlMjIlMjBhbHQlM0QlMjJJbWFnZSUyMG9mJTIwYSUyMG51dHJpdGlvbmlzdCUyMGF0JTIwd29yayUyMiUyMHdpZHRoJTNEJTIyMzIwJTIyJTIwaGVpZ2h0JTNEJTIyMzIwJTIyJTNFJTBBJTNDaDIlM0VTT0ZUV0FSRSUyMGZvciUwQSUzQ3NwYW4lM0VudXRyaXRpb25pc3RzJTNDJTJGc3BhbiUzRSUzQyUyRmgyJTNFJTNDJTJGYSUzRQ==[\/vc_raw_html][\/vc_column][vc_column width=&#8221;1\/2&#8243;][vc_raw_html css=&#8221;&#8221;]JTNDYSUyMGNsYXNzJTNEJTIyYW5pbWF0ZWQtc2VyaWFsLWl0ZW0lMjBjb2xvci1kZXBvcnRpc3RhcyUyMiUyMHRpdGxlJTNEJTIyR28lMjB0byUyMHRvb2xzJTIwZm9yJTIwYXRobGV0ZXMlMjIlMjBocmVmJTNEJTIyJTVCcm9vdF9wYXRoJTVEJTJGZW4lMkZhdGhsZXRlcyUyRiUyMiUzRSUwQSUzQ2ltZyUyMHNyYyUzRCUyMiU1QmltZ19wYXRoJTVEJTJGaG9tZS12YW5ndWFyZGlhLWRlcG9ydGlzdGFzXzJ4LndlYnAlMjIlMjBhbHQlM0QlMjJJbWFnZSUyMG9mJTIwYW4lMjBhdGhsZXRlJTIyJTIwd2lkdGglM0QlMjIzMjAlMjIlMjBoZWlnaHQlM0QlMjIzMjAlMjIlM0UlMEElM0NoMiUzRVBsYW5uaW5nJTIwZm9yJTBBJTNDc3BhbiUzRWF0aGxldGVzJTNDJTJGc3BhbiUzRSUzQyUyRmgyJTNFJTNDJTJGYSUzRSUwQQ==[\/vc_raw_html][\/vc_column][\/vc_row][\/vc_section][vc_section el_id=&#8221;home-software&#8221;][vc_row][vc_column][vc_column_text css=&#8221;&#8221; el_class=&#8221;animated-title&#8221;]<\/p>\n<h2 style=\"text-align: center;\">Nutrition software for professionals<\/h2>\n<p>[\/vc_column_text][vc_column_text css=&#8221;&#8221; el_class=&#8221;animated-p&#8221;]<\/p>\n<p style=\"text-align: center;\">Create personalized nutritional plans in seconds. Improve the follow-up and adherence of your clients.<\/p>\n<p>[\/vc_column_text][vc_btn title=&#8221;Learn more&#8221; align=&#8221;center&#8221; css=&#8221;.vc_custom_1764148068133{margin-bottom: 40px !important;}&#8221; el_class=&#8221;rld-button&#8221; link=&#8221;url:https%3A%2F%2Fgetindya.com%2Fen%2Fnutrition-software%2F|title:Software%20for%20nutritionists&#8221;][\/vc_column][\/vc_row][vc_row el_class=&#8221;slider-row&#8221;][vc_column][vc_row_inner][vc_column_inner el_class=&#8221;make-it-slider make-it-slider-horizontal make-it-slider-home-indya swiper-lento&#8221;][vc_column_text css=&#8221;&#8221;]<img loading=\"lazy\" decoding=\"async\" class=\"home-software-desktop\" src=\"https:\/\/getindya.com\/wp-content\/uploads\/home-software-desktop.webp\" alt=\"\" width=\"2416\" height=\"1640\" data-swiper-parallax-opacity=\"0.2\" data-swiper-parallax-scale=\"0.6\" title=\"\"><br \/>\n<img loading=\"lazy\" decoding=\"async\" class=\"home-software-app\" src=\"https:\/\/getindya.com\/wp-content\/uploads\/home-software-app.webp\" alt=\"\" width=\"641\" height=\"1640\" data-swiper-parallax-opacity=\"0\" data-swiper-parallax=\"-300\" data-swiper-parallax-scale=\"0.5\" title=\"\">[\/vc_column_text][vc_column_text css=&#8221;&#8221;]<img loading=\"lazy\" decoding=\"async\" class=\"home-software-desktop\" src=\"https:\/\/getindya.com\/wp-content\/uploads\/home-software-desktop-2.webp\" alt=\"\" width=\"2416\" height=\"1640\" data-swiper-parallax-opacity=\"0.2\" data-swiper-parallax-scale=\"0.6\" title=\"\"><br \/>\n<img loading=\"lazy\" decoding=\"async\" class=\"home-software-app\" src=\"https:\/\/getindya.com\/wp-content\/uploads\/home-software-app-2.webp\" alt=\"\" width=\"641\" height=\"1640\" data-swiper-parallax-opacity=\"0\" data-swiper-parallax=\"-300\" data-swiper-parallax-scale=\"0.5\" title=\"\">[\/vc_column_text][vc_column_text css=&#8221;&#8221;]<img loading=\"lazy\" decoding=\"async\" class=\"home-software-desktop\" src=\"https:\/\/getindya.com\/wp-content\/uploads\/home-software-desktop-3.webp\" alt=\"\" width=\"2416\" height=\"1640\" data-swiper-parallax-opacity=\"0.2\" data-swiper-parallax-scale=\"0.6\" title=\"\"><br \/>\n<img loading=\"lazy\" decoding=\"async\" class=\"home-software-app\" src=\"https:\/\/getindya.com\/wp-content\/uploads\/home-software-app-3.webp\" alt=\"\" width=\"641\" height=\"1640\" data-swiper-parallax-opacity=\"0\" data-swiper-parallax=\"-300\" data-swiper-parallax-scale=\"0.5\" title=\"\">[\/vc_column_text][\/vc_column_inner][\/vc_row_inner][\/vc_column][\/vc_row][\/vc_section][vc_section el_id=&#8221;home-planificacion-colab&#8221;][vc_row][vc_column][vc_row_inner el_class=&#8221;home-planificacion&#8221;][vc_column_inner el_class=&#8221;animated-serial-container text&#8221; width=&#8221;5\/12&#8243;][vc_column_text css=&#8221;&#8221; el_class=&#8221;animated-serial-item&#8221;]<\/p>\n<h3>Planning<br \/>\nnutritional planning for athletes<\/h3>\n<p>[\/vc_column_text][vc_column_text css=&#8221;&#8221; el_class=&#8221;animated-serial-item max-width-17em&#8221;]Choose your nutritionist and enjoy your nutritional plan in an app that makes what looks like a diet easy.[\/vc_column_text][vc_btn title=&#8221;Learn more&#8221; css=&#8221;&#8221; link=&#8221;url:https%3A%2F%2Fgetindya.com%2Fen%2Fathletes%2F|title:Athletes&#8221; el_class=&#8221;rld-button color-deportistas animated-serial-item&#8221;][\/vc_column_inner][vc_column_inner el_class=&#8221;animated-serial-container img&#8221; width=&#8221;7\/12&#8243;][vc_column_text css=&#8221;&#8221;]<img loading=\"lazy\" decoding=\"async\" class=\"animated-serial-item canvas\" src=\"https:\/\/getindya.com\/wp-content\/uploads\/home-planificacion-foto.webp\" alt=\"\" width=\"1715\" height=\"1176\" title=\"\"><br \/>\n<img loading=\"lazy\" decoding=\"async\" class=\"animated-serial-item\" src=\"https:\/\/getindya.com\/wp-content\/uploads\/home-planificacion-59.webp\" alt=\"\" width=\"1715\" height=\"1176\" title=\"\"><br \/>\n<img loading=\"lazy\" decoding=\"async\" class=\"animated-serial-item shadow\" src=\"https:\/\/getindya.com\/wp-content\/uploads\/home-planificacion-mockup.webp\" alt=\"\" width=\"1715\" height=\"1176\" title=\"\"><br \/>\n<img loading=\"lazy\" decoding=\"async\" class=\"animated-serial-item\" src=\"https:\/\/getindya.com\/wp-content\/uploads\/home-planificacion-marta.webp\" alt=\"\" width=\"1715\" height=\"1176\" title=\"\">[\/vc_column_text][\/vc_column_inner][\/vc_row_inner][\/vc_column][\/vc_row][\/vc_section][vc_section el_id=&#8221;historia&#8221;][vc_row][vc_column width=&#8221;1\/2&#8243;][vc_column_text css=&#8221;&#8221; el_class=&#8221;hero-title h2box&#8221;]<\/p>\n<h2>History<\/h2>\n<p>[\/vc_column_text][vc_column_text css=&#8221;&#8221; el_class=&#8221;box&#8221;]<img loading=\"lazy\" decoding=\"async\" class=\"alignnone size-full wp-image-27354\" src=\"https:\/\/getindya.com\/wp-content\/uploads\/deportistas_home_historia_2x.webp\" alt=\"\" width=\"1268\" height=\"1068\" title=\"\" srcset=\"https:\/\/getindya.com\/wp-content\/uploads\/deportistas_home_historia_2x.webp 1268w, https:\/\/getindya.com\/wp-content\/uploads\/deportistas_home_historia_2x-300x253.webp 300w, https:\/\/getindya.com\/wp-content\/uploads\/deportistas_home_historia_2x-768x647.webp 768w\" sizes=\"auto, (max-width: 1268px) 100vw, 1268px\" \/><\/p>\n<div class=\"altura1\">We are a team of nutritionists, engineers and designers. In these 11 years we have planned the nutrition of more than 40,000 people, with a platform already used by hundreds of nutritionists and endorsed by legends such as P. Gasol, M. M\u00e1rquez, C. Sainz, I. Casillas, A. Espargar\u00f3 or Rudy Fern\u00e1ndez.<\/div>\n<div class=\"vc_btn3-container rld-button rld-button-invert vc_do_btn\"><a class=\"vc_general vc_btn3 vc_btn3-size-md vc_btn3-shape-rounded vc_btn3-style-modern vc_btn3-color-grey\" title=\"Where we come from\" href=\"https:\/\/getindya.com\/en\/history\/\">Where we come from<\/a><\/div>\n<p>[\/vc_column_text][\/vc_column][vc_column width=&#8221;1\/2&#8243;][vc_column_text css=&#8221;&#8221; el_class=&#8221;hero-title h2box&#8221;]<\/p>\n<h2 class=\"derche\">Vision<\/h2>\n<p>[\/vc_column_text][vc_column_text css=&#8221;&#8221; el_class=&#8221;box&#8221;]<img loading=\"lazy\" decoding=\"async\" class=\"alignnone size-full wp-image-27353\" src=\"https:\/\/getindya.com\/wp-content\/uploads\/deportistas_home_vision_2x.webp\" alt=\"\" width=\"1280\" height=\"1068\" title=\"\" srcset=\"https:\/\/getindya.com\/wp-content\/uploads\/deportistas_home_vision_2x.webp 1280w, https:\/\/getindya.com\/wp-content\/uploads\/deportistas_home_vision_2x-300x250.webp 300w, https:\/\/getindya.com\/wp-content\/uploads\/deportistas_home_vision_2x-768x641.webp 768w\" sizes=\"auto, (max-width: 1280px) 100vw, 1280px\" \/><\/p>\n<div class=\"altura2\">We develop technology to empower the nutritionist and help thousands of people improve their health and performance through nutrition. We use data to get the complete picture of each person and achieve ultra-personalized, visible, real-time nutrition.<\/div>\n<div class=\"vc_btn3-container rld-button rld-button-invert vc_do_btn\"><a class=\"vc_general vc_btn3 vc_btn3-size-md vc_btn3-shape-rounded vc_btn3-style-modern vc_btn3-color-grey\" title=\"Where we come from\" href=\"https:\/\/getindya.com\/en\/vision\/\">Where we are going<\/a><\/div>\n<p>[\/vc_column_text][\/vc_column][\/vc_row][\/vc_section][vc_section full_width=&#8221;stretch_row&#8221; content_placement=&#8221;middle&#8221; disable_element=&#8221;yes&#8221; el_class=&#8221;faqs-section dark&#8221;][vc_row el_class=&#8221;rld-container&#8221;][vc_column width=&#8221;1\/4&#8243;][vc_column_text css=&#8221;&#8221; el_class=&#8221;title&#8221;]<\/p>\n<h3>FAQS<\/h3>\n<p>[\/vc_column_text][\/vc_column][vc_column width=&#8221;3\/4&#8243;][vc_toggle title=&#8221;If I am a trainer, can I use the nutritionist software?&#8221; css=&#8221;&#8221; el_class=&#8221;faq-block&#8221;]Unfortunately, no. We know that many of you trainers are more than qualified, but legally only nutrition graduates or TSD&#8217;s can intervene in the feeding of others.[\/vc_toggle][\/vc_column][\/vc_row][\/vc_section]<\/p>\n<\/div>","protected":false},"excerpt":{"rendered":"<p>[vc_section full_width=&#8221;stretch_row_content&#8221; full_height=&#8221;yes&#8221; content_placement=&#8221;middle&#8221; el_class=&#8221;hero-section&#8221; el_id=&#8221;home-indya-hero-section&#8221;][vc_row el_class=&#8221;rld-container&#8221;][vc_column][vc_column_text css=&#8221;&#8221; el_class=&#8221;hero-title&#8221;] Nutrition Hits the Streets [\/vc_column_text][vc_column_text css=&#8221;&#8221; el_class=&#8221;hero-p&#8221;] Science that fits your life. [\/vc_column_text][\/vc_column][\/vc_row][\/vc_section][vc_section el_id=&#8221;home-indya-vanguardia&#8221;][vc_row][vc_column][vc_column_text css=&#8221;&#8221; el_class=&#8221;animated-title&#8221;] Leading the Future of Nutrition Planning [\/vc_column_text][vc_column_text css=&#8221;&#8221; el_class=&#8221;animated-p&#8221;] 12 years making nutrition more personalized, practical, and easier to understand. [\/vc_column_text][\/vc_column][\/vc_row][vc_row el_class=&#8221;animated-serial-container&#8221;][vc_column width=&#8221;1\/2&#8243;][vc_raw_html css=&#8221;&#8221;]JTNDYSUyMGNsYXNzJTNEJTIyYW5pbWF0ZWQtc2VyaWFsLWl0ZW0lMjBjb2xvci1udXRyaWNpb25pc3RhcyUyMiUyMHRpdGxlJTNEJTIyR28lMjB0byUyMHRvb2xzJTIwZm9yJTIwbnV0cml0aW9uaXN0cyUyMiUyMGhyZWYlM0QlMjIlNUJyb290X3BhdGglNUQlMkZlbiUyRm51dHJpdGlvbi1zb2Z0d2FyZSUyRiUyMiUzRSUwQSUzQ2ltZyUyMHNyYyUzRCUyMiU1QmltZ19wYXRoJTVEJTJGaG9tZS12YW5ndWFyZGlhLW51dHJpY2lvbmlzdGFzXzJ4LndlYnAlMjIlMjBhbHQlM0QlMjJJbWFnZSUyMG9mJTIwYSUyMG51dHJpdGlvbmlzdCUyMGF0JTIwd29yayUyMiUyMHdpZHRoJTNEJTIyMzIwJTIyJTIwaGVpZ2h0JTNEJTIyMzIwJTIyJTNFJTBBJTNDaDIlM0VTT0ZUV0FSRSUyMGZvciUwQSUzQ3NwYW4lM0VudXRyaXRpb25pc3RzJTNDJTJGc3BhbiUzRSUzQyUyRmgyJTNFJTNDJTJGYSUzRQ==[\/vc_raw_html][\/vc_column][vc_column width=&#8221;1\/2&#8243;][vc_raw_html css=&#8221;&#8221;]JTNDYSUyMGNsYXNzJTNEJTIyYW5pbWF0ZWQtc2VyaWFsLWl0ZW0lMjBjb2xvci1kZXBvcnRpc3RhcyUyMiUyMHRpdGxlJTNEJTIyR28lMjB0byUyMHRvb2xzJTIwZm9yJTIwYXRobGV0ZXMlMjIlMjBocmVmJTNEJTIyJTVCcm9vdF9wYXRoJTVEJTJGZW4lMkZhdGhsZXRlcyUyRiUyMiUzRSUwQSUzQ2ltZyUyMHNyYyUzRCUyMiU1QmltZ19wYXRoJTVEJTJGaG9tZS12YW5ndWFyZGlhLWRlcG9ydGlzdGFzXzJ4LndlYnAlMjIlMjBhbHQlM0QlMjJJbWFnZSUyMG9mJTIwYW4lMjBhdGhsZXRlJTIyJTIwd2lkdGglM0QlMjIzMjAlMjIlMjBoZWlnaHQlM0QlMjIzMjAlMjIlM0UlMEElM0NoMiUzRVBsYW5uaW5nJTIwZm9yJTBBJTNDc3BhbiUzRWF0aGxldGVzJTNDJTJGc3BhbiUzRSUzQyUyRmgyJTNFJTNDJTJGYSUzRSUwQQ==[\/vc_raw_html][\/vc_column][\/vc_row][\/vc_section][vc_section el_id=&#8221;home-software&#8221;][vc_row][vc_column][vc_column_text css=&#8221;&#8221; el_class=&#8221;animated-title&#8221;] Nutrition &#8230; <a title=\"INDYA &#8211; Home\" class=\"read-more\" href=\"https:\/\/getindya.com\/en\/\" aria-label=\"Read more about INDYA &#8211; Home\">Read more<\/a><\/p>\n","protected":false},"author":1,"featured_media":30799,"parent":0,"menu_order":0,"comment_status":"closed","ping_status":"closed","template":"","meta":{"_acf_changed":false,"rop_custom_images_group":[],"rop_custom_messages_group":[],"rop_publish_now":"initial","rop_publish_now_accounts":[],"rop_publish_now_history":[],"rop_publish_now_status":"pending","footnotes":""},"class_list":["post-30800","page","type-page","status-publish","has-post-thumbnail"],"acf":[],"_links":{"self":[{"href":"https:\/\/getindya.com\/en\/wp-json\/wp\/v2\/pages\/30800","targetHints":{"allow":["GET"]}}],"collection":[{"href":"https:\/\/getindya.com\/en\/wp-json\/wp\/v2\/pages"}],"about":[{"href":"https:\/\/getindya.com\/en\/wp-json\/wp\/v2\/types\/page"}],"author":[{"embeddable":true,"href":"https:\/\/getindya.com\/en\/wp-json\/wp\/v2\/users\/1"}],"replies":[{"embeddable":true,"href":"https:\/\/getindya.com\/en\/wp-json\/wp\/v2\/comments?post=30800"}],"version-history":[{"count":3,"href":"https:\/\/getindya.com\/en\/wp-json\/wp\/v2\/pages\/30800\/revisions"}],"predecessor-version":[{"id":31905,"href":"https:\/\/getindya.com\/en\/wp-json\/wp\/v2\/pages\/30800\/revisions\/31905"}],"wp:featuredmedia":[{"embeddable":true,"href":"https:\/\/getindya.com\/en\/wp-json\/wp\/v2\/media\/30799"}],"wp:attachment":[{"href":"https:\/\/getindya.com\/en\/wp-json\/wp\/v2\/media?parent=30800"}],"curies":[{"name":"wp","href":"https:\/\/api.w.org\/{rel}","templated":true}]}}